{"id":1383,"date":"2021-11-16T03:50:23","date_gmt":"2021-11-16T03:50:23","guid":{"rendered":"http:\/\/cavmra.com\/?page_id=1383"},"modified":"2021-11-16T04:14:28","modified_gmt":"2021-11-16T04:14:28","slug":"requisitos-campeonatos-nacionales","status":"publish","type":"page","link":"https:\/\/cavmra.com\/index.php\/requisitos-campeonatos-nacionales\/","title":{"rendered":"Requisitos Campeonatos Nacionales"},"content":{"rendered":"\n<p>ORGANIZACI\u00d3N DE CAMPEONATOS NACIONAES DE ATLETISMO DE MASTER<br>Elementos a tener en cuenta para la organizaci\u00f3n y supervisi\u00f3n de campeonatos Nacionales de Pista y Campo,<br>Ruta, Pruebas Combinadas y Campo Traviesa.:<br><\/p>\n\n\n\n<p><strong>1. ENTORNO:<\/strong><\/p>\n\n\n\n<ul class=\"wp-block-list\"><li>Cuidad Sede: Datos demogr\u00e1ficos y clima<\/li><li>Medios de transporte de llegada (ofertas de costos)<\/li><li>Alojamiento y alimentaci\u00f3n (Sugerencias de Hoteles, departamentos, caba\u00f1as, residenciales, restaurantes<br>o casas de comidas)<\/li><li>Turismo y recreaci\u00f3n (agencias de turismo y o folleter\u00eda para los visitantes)<\/li><\/ul>\n\n\n\n<p><strong>2. ESCENARIOS<\/strong>:<\/p>\n\n\n\n<p><em>2.1 ESTADIO:<\/em><\/p>\n\n\n\n<ul class=\"wp-block-list\"><li>Ubicaci\u00f3n y fotos del lugar del evento<\/li><li>Medios de acceso<\/li><li>Servicios para alimentaci\u00f3n que habr\u00e1 en el lugar del evento<\/li><\/ul>\n\n\n\n<p><em>2.1.1 Infraestructura y equipamiento de Pistas:<\/em><\/p>\n\n\n\n<p>Per\u00edmetro de la pista de carreras, n\u00famero de calles, demarcaciones de partidas, llegada y zonas de relevo,<br>tacos de partida, anem\u00f3metro, testimonios, fotofinish, pistola y municiones, marcador de vueltas, campana,<br>escalera para jueces, conos de cierre, pizarra, atril y s\u00edmbolos para pruebas de marcha<\/p>\n\n\n\n<ul class=\"wp-block-list\"><li>Corredera y pozo de arena, para saltos largo y triple, tablas de rechazo con plastilina (demarcaci\u00f3n de<br>planos de salto donde no hay tablas<\/li><li>Vallas y Obst\u00e1culos (movibles para las diferentes alturas de las categor\u00edas) y pozo de agua.<\/li><li>Zona de calentamiento.<\/li><li>Zonas o protectores de sol, lluvia, en general inclemencias del tiempo.<\/li><\/ul>\n\n\n\n<p><em>2.1.2 Infraestructura y equipamiento de saltos en altura:<\/em><\/p>\n\n\n\n<ul class=\"wp-block-list\"><li>P\u00e9rtigas (cantidad, estado), alt\u00edmetro.<\/li><li>Zonas de salto en altura, correderas y caj\u00f3n de salto con p\u00e9rtiga, parantes y varrillas, colchonetas<\/li><\/ul>\n\n\n\n<p><em>2.1.3 Infraestructura y equipamiento para lanzamientos:<\/em><\/p>\n\n\n\n<ul class=\"wp-block-list\"><li>C\u00edrculos para lanzamiento de disco, martillo y bala, jaulas, demarcaci\u00f3n y anular de zonas de ca\u00edda de lo implementos de lanzamiento.<\/li><li>Corredera para jabalina y demarcaci\u00f3n angular.<\/li><li>Balas, discos, jabalinas, martillos (cantidad, pesos y medidas por categor\u00edas)<\/li><li>Cintas m\u00e9tricas, tambores indicadores de distancias y otros instrumentos modernos de medici\u00f3n de<br>distancias.<\/li><\/ul>\n\n\n\n<p><em>2.1.4 Otros:<\/em><\/p>\n\n\n\n<ul class=\"wp-block-list\"><li>Programa del meet manager de Hy Tek u otro programa inform\u00e1tico para autorizar puntajes y resultados parciales y totales en las pruebas m\u00faltiples y\/o libro con tabla de puntuaci\u00f3n. <\/li><li>C\u00e1mara de llamadas<\/li><li>Zonas de hidrataci\u00f3n (agua y\/o esponjas) en pruebas largas.<\/li><li>Servicios higi\u00e9nicos (fijos y port\u00e1tiles), estado de conservaci\u00f3n, limpieza.<\/li><li>Sala de comunicaci\u00f3n, resultados y sistema de parlantes (anuncios y anunciador)<\/li><li>Sala de c\u00f3mputo y resultados<\/li><li>Sala de administraci\u00f3n y coordinaci\u00f3n.<\/li><li>Servicio m\u00e9dico y de primeros auxilios<\/li><li>M\u00e1stiles (m\u00ednimo 2) para la bandera del organizador y de la Confederaci\u00f3n<\/li><li>\u00c1rea de masajes<\/li><li>Confiter\u00eda<br><\/li><\/ul>\n\n\n\n<p><strong>2.2 PRUEBAS FUERA DE ESTADIO:<\/strong><\/p>\n\n\n\n<ul class=\"wp-block-list\"><li>Ubicaci\u00f3n, recorrido y demarcaci\u00f3n de kilometro de cross, media marat\u00f3n y marcha en ruta<\/li><li>Zonas de partida y llegada, calentamiento y c\u00e1mara de llamadas.<\/li><li>Verificaci\u00f3n de distancias (30 d\u00edas antes del evento el Organizador deber\u00e1 enviar a la Secretaria T\u00e9cnica el<br>comprobante de la certificaci\u00f3n del circuito realizado por un Miembro del Comit\u00e9 de Mediciones de pruebas<br>de calle<\/li><li>Zonas de hidrataci\u00f3n<\/li><\/ul>\n\n\n\n<p><strong>3. CONTROL DEL TORNEO<\/strong><\/p>\n\n\n\n<ul class=\"wp-block-list\"><li>Organizaci\u00f3n de jueces responsables con conocimiento absoluto de reglas IAAF y WMA, manejo de fotofinish, anem\u00f3metros, cron\u00f3metros. <\/li><li>Directores de: Competici\u00f3n, de la Reuni\u00f3n, T\u00e9cnico y de C\u00e1mara de Llamadas.<\/li><li>Oficiales de competici\u00f3n y complementarios (art\u00edculos 120 al 139 IAAF)<\/li><li>Material de uso de jueces: cron\u00f3metros, manuales, pistolas, planillas, etc.<\/li><li>Jurado de apelaci\u00f3n (Arts. 118 y 146 IAAF)<\/li><\/ul>\n\n\n\n<p><strong>4. ORGANIZACI\u00d3N DEL EVENTO:<\/strong><\/p>\n\n\n\n<p>Comit\u00e9 de organizaci\u00f3n local (COL): Conformaci\u00f3n de comisiones.<\/p>\n\n\n\n<ul class=\"wp-block-list\"><li>Comit\u00e9 de organizaci\u00f3n local (COL): Conformaci\u00f3n de comisiones. <\/li><li>Instituciones y personalidades que apoyan a la organizaci\u00f3n<\/li><li>Local sede y coordinaci\u00f3n con los afiliados.<\/li><li>Sponsor y\/o auspiciadores.<\/li><li>Seguro de vida<\/li><li>Sonido<\/li><li>Arcos Inflable<\/li><li>Locutor<\/li><li>Gazebos (si es necesario)<\/li><li>Inscripciones: fecha, costo, datos personales, mejor marca, deslinde de responsabilidad, estado de salud.<\/li><li>Programa de pruebas; resultados, tablas de r\u00e9cords<\/li><li>C\u00e9dulas de identificaci\u00f3n: autoridades, jueces, atletas, personal m\u00e9dico y de primeros auxilios, auxiliares,<br>periodistas, Etc.<\/li><li>Difusi\u00f3n del campeonato: medios de comunicaci\u00f3n, revista, afiches, boletines, Etc.<\/li><li>Premiaci\u00f3n (medallas no inferiores a los 80 mm)<\/li><li>Dorsales de competencia y n\u00fameros adicionales para fotofinish (bolsa para atletas).<\/li><li>Inauguraci\u00f3n y clausura.<\/li><\/ul>\n","protected":false},"excerpt":{"rendered":"<p>ORGANIZACI\u00d3N DE CAMPEONATOS NACIONAES DE ATLETISMO DE MASTERElementos a tener en cuenta para la organizaci\u00f3n y supervisi\u00f3n de campeonatos Nacionales de Pista y Campo,Ruta, Pruebas Combinadas y Campo Traviesa.: 1. ENTORNO: Cuidad Sede: Datos demogr\u00e1ficos y clima Medios de transporte de llegada (ofertas de costos) Alojamiento y alimentaci\u00f3n (Sugerencias de Hoteles, departamentos, caba\u00f1as, residenciales, restauranteso &hellip;<\/p>\n<p class=\"read-more\"> <a class=\"\" href=\"https:\/\/cavmra.com\/index.php\/requisitos-campeonatos-nacionales\/\"> <span class=\"screen-reader-text\">Requisitos Campeonatos Nacionales<\/span> Read More &raquo;<\/a><\/p>\n","protected":false},"author":1,"featured_media":0,"parent":0,"menu_order":0,"comment_status":"closed","ping_status":"closed","template":"","meta":{"om_disable_all_campaigns":false,"_monsterinsights_skip_tracking":false,"_monsterinsights_sitenote_active":false,"_monsterinsights_sitenote_note":"","_monsterinsights_sitenote_category":0,"site-sidebar-layout":"","site-content-layout":"","ast-main-header-display":"","ast-hfb-above-header-display":"","ast-hfb-below-header-display":"","ast-hfb-mobile-header-display":"","site-post-title":"","ast-breadcrumbs-content":"","ast-featured-img":"","footer-sml-layout":"","theme-transparent-header-meta":"","adv-header-id-meta":"","stick-header-meta":"","header-above-stick-meta":"","header-main-stick-meta":"","header-below-stick-meta":"","footnotes":""},"class_list":["post-1383","page","type-page","status-publish","hentry"],"_links":{"self":[{"href":"https:\/\/cavmra.com\/index.php\/wp-json\/wp\/v2\/pages\/1383","targetHints":{"allow":["GET"]}}],"collection":[{"href":"https:\/\/cavmra.com\/index.php\/wp-json\/wp\/v2\/pages"}],"about":[{"href":"https:\/\/cavmra.com\/index.php\/wp-json\/wp\/v2\/types\/page"}],"author":[{"embeddable":true,"href":"https:\/\/cavmra.com\/index.php\/wp-json\/wp\/v2\/users\/1"}],"replies":[{"embeddable":true,"href":"https:\/\/cavmra.com\/index.php\/wp-json\/wp\/v2\/comments?post=1383"}],"version-history":[{"count":2,"href":"https:\/\/cavmra.com\/index.php\/wp-json\/wp\/v2\/pages\/1383\/revisions"}],"predecessor-version":[{"id":1388,"href":"https:\/\/cavmra.com\/index.php\/wp-json\/wp\/v2\/pages\/1383\/revisions\/1388"}],"wp:attachment":[{"href":"https:\/\/cavmra.com\/index.php\/wp-json\/wp\/v2\/media?parent=1383"}],"curies":[{"name":"wp","href":"https:\/\/api.w.org\/{rel}","templated":true}]}}